{"id":3608,"date":"2021-05-11T12:20:23","date_gmt":"2021-05-11T10:20:23","guid":{"rendered":"https:\/\/www.rutalibreautocaravanas.es\/politica-de-cookies\/"},"modified":"2021-05-13T14:09:08","modified_gmt":"2021-05-13T12:09:08","slug":"politica-de-cookies","status":"publish","type":"page","link":"https:\/\/www.rutalibreautocaravanas.es\/pt-pt\/politica-de-cookies\/","title":{"rendered":"Pol\u00edtica de cookies"},"content":{"rendered":"<p><div class=\"fusion-fullwidth fullwidth-box hundred-percent-fullwidth non-hundred-percent-height-scrolling\"  style='background-color: #ececec;background-position: center center;background-repeat: no-repeat;padding-top:50px;padding-right:0px;padding-bottom:0px;padding-left:0px;margin-bottom: 75px;'><div class=\"fusion-builder-row fusion-row \"><div  class=\"fusion-layout-column fusion_builder_column fusion_builder_column_1_1  fusion-one-full fusion-column-first fusion-column-last fusion-blend-mode 1_1\"  style='margin-top:0px;margin-bottom:0px;'>\n\t\t\t\t\t<div class=\"fusion-column-wrapper\" style=\"background-color:#ececec;padding: 0px 0px 0px 0px;background-position:left top;background-repeat:no-repeat;-webkit-background-size:cover;-moz-background-size:cover;-o-background-size:cover;background-size:cover;\"  data-bg-url=\"\">\n\t\t\t\t\t\t<div class=\"fusion-title title fusion-sep-none fusion-title-center fusion-title-size-one\" style=\"margin-top:0px;margin-bottom:5px;\"><h1 class=\"title-heading-center\">Pol\u00edtica de cookies<\/h1><\/div><div class=\"fusion-title title fusion-sep-none fusion-title-center fusion-title-size-two\" style=\"margin-top:0px;margin-bottom:50px;\"><h2 class=\"title-heading-center\">Usos e configura\u00e7\u00f5es<\/h2><\/div><div class=\"fusion-section-separator section-separator\" style=\"border-bottom:0px solid #f6f6f6;margin-left:-0px;margin-right:-0px;\"><div class=\"divider-candy-arrow bottom\" style=\"top:0px;border-top-color: #f68b1f;\"><\/div><div class=\"divider-candy bottom\" style=\"bottom:-20px;border-bottom:1px solid #f6f6f6;border-left:1px solid #f6f6f6;\"><\/div><\/div><div class=\"fusion-clearfix\"><\/div>\n\n\t\t\t\t\t<\/div>\n\t\t\t\t<\/div><\/div><\/div><div class=\"fusion-fullwidth fullwidth-box nonhundred-percent-fullwidth non-hundred-percent-height-scrolling\"  style='background-color: rgba(255,255,255,0);background-position: center center;background-repeat: no-repeat;padding-top:0px;padding-right:0px;padding-bottom:0px;padding-left:0px;'><div class=\"fusion-builder-row fusion-row \"><div  class=\"fusion-layout-column fusion_builder_column fusion_builder_column_1_1  fusion-one-full fusion-column-first fusion-column-last 1_1\"  style='margin-top:0px;margin-bottom:0px;'>\n\t\t\t\t\t<div class=\"fusion-column-wrapper\" style=\"padding: 0px 0px 0px 0px;background-position:left top;background-repeat:no-repeat;-webkit-background-size:cover;-moz-background-size:cover;-o-background-size:cover;background-size:cover;\"  data-bg-url=\"\">\n\t\t\t\t\t\t<div class=\"fusion-text\"><p><span style=\"color: #303030;\">Em cumprimento ao disposto no artigo 22.2 da Lei 34\/2002, de 11 de julho, sobre Servi\u00e7os da Sociedade da Informa\u00e7\u00e3o e Com\u00e9rcio Eletr\u00f4nico, informamos que os sites \u201cwww.rutalibreautocaravanas.es\u201d e \u201cwww.rutalibre.es\u201d (\u201cO Website\u201d) utiliza \u201ccookies\u201d para melhorar a sua experi\u00eancia de navega\u00e7\u00e3o e analisar as visitas recebidas. Ao mesmo tempo, informamos o que \u00e9 um &#8220;cookie&#8221;, quais s\u00e3o os que o site utiliza e, se desejar, como pode elimin\u00e1-los se j\u00e1 aceitou a sua instala\u00e7\u00e3o. Em qualquer caso, solicitaremos o seu consentimento a este respeito (instala\u00e7\u00e3o de &#8220;cookies&#8221; no seu dispositivo).<\/span><\/p>\n<p><span style=\"color: #f68b1f;\"><strong>O que \u00e9 um &#8220;cookie&#8221;?<\/strong><\/span><\/p>\n<p>Um &#8220;cookie&#8221; \u00e9 um arquivo que \u00e9 baixado para o dispositivo do usu\u00e1rio (computador \/ smartphone \/ tablet) ao aceder a certas p\u00e1ginas da web. Os &#8220;cookies&#8221; permitem que o site armazene e recupere informa\u00e7\u00f5es sobre o usu\u00e1rio, como o n\u00famero de visitas recebidas ou os h\u00e1bitos de navega\u00e7\u00e3o do usu\u00e1rio ou do seu equipamento e, dependendo das informa\u00e7\u00f5es que cont\u00eam e da forma como utiliza o seu equipamento, eles podem ser usados para reconhecer o usu\u00e1rio.<\/p>\n<p>Existem diferentes tipos de &#8220;cookies&#8221;, dependendo da sua perman\u00eancia no seu dispositivo (&#8220;sess\u00e3o&#8221; ou &#8220;permanente&#8221;), a sua origem (&#8220;pr\u00f3prios ou primeira parte&#8221; ou &#8220;terceiros ou terceira parte&#8221;), a sua finalidade (&#8220;T\u00e9cnicas &#8220;,&#8221; publicidade comportamental &#8220;,&#8221; anal\u00edtica &#8220;,&#8221; personaliza\u00e7\u00e3o &#8220;, etc.).<\/p>\n<p><span style=\"color: #f68b1f;\"><strong>Para que s\u00e3o usados os &#8220;cookies&#8221; neste site ?<\/strong><\/span><\/p>\n<p>Os cookies utilizados no site t\u00eam como objetivo otimizar a sua experi\u00eancia de navega\u00e7\u00e3o, bem como analisar as visitas que recebe, atrav\u00e9s do Google Analytics.<\/p>\n<p><span style=\"color: #f68b1f;\"><strong>Quais s\u00e3o usados por este site?<\/strong><\/span><\/p>\n<p>Fundamentalmente, o site usa &#8220;cookies&#8221; persistentes de terceiros, exceto um, que se enquadra na categoria pr\u00f3pria. Da mesma forma, pela sua finalidade, distinguem-se tr\u00eas tipos diferentes: cookies t\u00e9cnicos, de an\u00e1lise e de personaliza\u00e7\u00e3o.<\/p>\n<p>Para facilitar a compreens\u00e3o, definimos os conceitos destacados abaixo:<\/p>\n<p style=\"padding-left: 30px;\"><span style=\"color: #303030;\">&#8211; &#8220;<strong>Cookies&#8221; pr\u00f3prios:<\/strong> s\u00e3o aqueles que se enviam ao equipamento terminal do utilizador desde um computador ou dom\u00ednio gerido pelo pr\u00f3prio editor e a partir do qual \u00e9 prestado o servi\u00e7o solicitado pelo utilizador.<\/span><\/p>\n<p style=\"padding-left: 30px;\"><span style=\"color: #303030;\">&#8211; &#8220;<strong>Cookies&#8221; de terceiros:<\/strong> s\u00e3o aqueles que s\u00e3o enviados ao equipamento terminal do usu\u00e1rio a partir de um computador ou dom\u00ednio que n\u00e3o \u00e9 gerenciado pelo editor, mas por outra entidade que processa os dados obtidos por meio de cookies.<\/span><\/p>\n<p style=\"padding-left: 30px;\"><span style=\"color: #303030;\">&#8211; &#8220;<strong>Cookies&#8221; persistentes:<\/strong> s\u00e3o um tipo de \u201ccookies\u201d dos quais os dados ficam armazenados no terminal do usu\u00e1rio e podem ser acedidos e tratados durante um per\u00edodo definido pelo seu respons\u00e1vel, o qual pode ir de uns minutos a v\u00e1rios anos.<\/span><\/p>\n<p style=\"padding-left: 30px;\"><span style=\"color: #303030;\">&#8211; &#8220;<strong>Cookies&#8221; t\u00e9cnicos:<\/strong> s\u00e3o aqueles que permitem ao utilizador navegar numa p\u00e1gina web, plataforma ou aplica\u00e7\u00e3o e utilizar as diferentes op\u00e7\u00f5es ou servi\u00e7os nela existentes, tais como, por exemplo, controlar o tr\u00e1fego e a comunica\u00e7\u00e3o de dados, identificar a sess\u00e3o, aceder partes de acesso restrito, lembrar os elementos que comp\u00f5em um pedido, executar um processo de compra de pedido, solicitar inscri\u00e7\u00e3o ou participa\u00e7\u00e3o em evento, utilizar elementos de seguran\u00e7a na navega\u00e7\u00e3o, armazenar conte\u00fado para veicula\u00e7\u00e3o de v\u00eddeo ou som e at\u00e9 mesmo compartilhar conte\u00fado nas redes sociais.<\/span><\/p>\n<p style=\"padding-left: 30px;\"><span style=\"color: #303030;\">&#8211; &#8220;<strong>Cookies&#8221; de an\u00e1lise:<\/strong> s\u00e3o aqueles que permitem ao seu respons\u00e1vel monitorizar e analisar o comportamento dos utilizadores dos sites aos quais est\u00e3o ligados. A informa\u00e7\u00e3o recolhida atrav\u00e9s deste tipo de \u201ccookies\u201d \u00e9 utilizada para medir a atividade de websites, aplica\u00e7\u00f5es ou plataformas, e para criar perfis de navega\u00e7\u00e3o dos utilizadores dos referidos sites, aplica\u00e7\u00f5es e plataformas, de forma a introduzir melhorias com base na an\u00e1lise de utiliza\u00e7\u00e3o dados feitos pelos usu\u00e1rios do servi\u00e7o.<\/span><\/p>\n<p style=\"padding-left: 30px;\"><span style=\"color: #303030;\">&#8211; &#8220;<strong>Cookies&#8221; de Personaliza\u00e7\u00e3o:<\/strong> este tipo de &#8220;cookies&#8221; permite ao utilizador aceder ao servi\u00e7o com algumas caracter\u00edsticas gerais, predefinidas com base numa s\u00e9rie de crit\u00e9rios no terminal do utilizador, como o idioma, o tipo de navegador atrav\u00e9s do qual acede ao servi\u00e7o, a configura\u00e7\u00e3o regional de onde acede o servi\u00e7o, etc.<\/span><\/p>\n<p style=\"padding-left: 30px;\"><span style=\"color: #303030;\">&#8211; &#8220;<strong>Cookies&#8221; publicit\u00e1rios:<\/strong> s\u00e3o aqueles que permitem gerir, da forma mais eficiente poss\u00edvel, os espa\u00e7os publicit\u00e1rios que, se for caso disso, o editor inclua numa p\u00e1gina web, aplica\u00e7\u00e3o ou plataforma a partir da qual \u00e9 prestado o servi\u00e7o solicitado, com base em crit\u00e9rios como conte\u00fado editado ou com que frequ\u00eancia os an\u00fancios s\u00e3o exibidos.<\/span><\/p>\n<p><span style=\"color: #303030;\">&gt; A seguir, referimos em detalhe as caracter\u00edsticas relevantes dos &#8220;cookies&#8221; utilizados no website:<\/span><\/p>\n<table class=\"tablas\" border=\"1\" width=\"100%\" cellspacing=\"3\" cellpadding=\"0\">\n<tbody>\n<tr class=\"cabecera\" bgcolor=\"#e3e3e3\">\n<td align=\"center\" width=\"131\"><span style=\"color: #303030;\"><strong>Identificaci\u00f3n \u201cCookie\u201d<\/strong><\/span><\/td>\n<td align=\"center\" width=\"335\"><span style=\"color: #303030;\"><strong>Tipo<\/strong><\/span><\/td>\n<td align=\"center\" width=\"338\"><span style=\"color: #303030;\"><strong>Finalidad<\/strong><\/span><\/td>\n<td align=\"center\" width=\"119\"><span style=\"color: #303030;\"><strong>Duraci\u00f3n<\/strong><\/span><\/td>\n<\/tr>\n<tr>\n<td valign=\"top\" width=\"131\"><span style=\"color: #303030;\">_ga<br \/>\n_gat<\/span><\/td>\n<td valign=\"top\" width=\"335\"><span style=\"color: #303030;\">Do Google Analytics (*): cookie de <b>terceiros<\/b>, <b>anal\u00edtico<\/b>\u00a0e <b>persistente<\/b>,<b>\u00a0<\/b>n\u00e3o estritamente necess\u00e1rio para o prestador de um servi\u00e7o da sociedade da informa\u00e7\u00e3o presta um servi\u00e7o expressamente solicitado pelo usu\u00e1rio (requer consentimento para instala\u00e7\u00e3o). (ver conceitos ref. acima)<\/span><\/td>\n<td valign=\"top\" width=\"338\">Esses cookies geram um ID de usu\u00e1rio an\u00f4nimo, que \u00e9 aquele usado para contar quantas vezes o mesmo usu\u00e1rio visita o site, e tamb\u00e9m quando foi a primeira e a \u00faltima vez que o usu\u00e1rio o acedeu. Ao mesmo tempo, ele calcula quando uma sess\u00e3o termina, deteta a origem do usu\u00e1rio e palavras-chave.<\/td>\n<td valign=\"top\" width=\"119\">2 anos<\/td>\n<\/tr>\n<tr>\n<td valign=\"top\" width=\"131\"><span style=\"color: #303030;\">NID<\/span><\/td>\n<td valign=\"top\" width=\"335\"><span style=\"color: #303030;\">Do Google Maps (*): <b>terceiros, t\u00e9cnico, persistente<\/b>\u00a0e estritamente necess\u00e1rio (n\u00e3o \u00e9 necess\u00e1rio consentir com a sua instala\u00e7\u00e3o). (ver conceitos ref. acima)<\/span><\/td>\n<td valign=\"top\" width=\"338\">Fornece exclusivamente a localiza\u00e7\u00e3o \/ localiza\u00e7\u00e3o espacial do usu\u00e1rio (no caso que nos diz respeito) a \u201cMar\u00eda Jos\u00e9 P\u00e9rez S\u00edas\u201d<\/td>\n<td valign=\"top\" width=\"119\">Entre 2 e 6 meses<\/td>\n<\/tr>\n<tr>\n<td valign=\"top\" width=\"131\"><span style=\"color: #303030;\">PREF<\/span><\/td>\n<td valign=\"top\" width=\"335\"><span style=\"color: #303030;\">Do Google Maps (*): <b>terceiros, t\u00e9cnico, persistente<\/b>\u00a0e estritamente necess\u00e1rio (n\u00e3o \u00e9 necess\u00e1rio consentir na sua instala\u00e7\u00e3o) (ver conceitos ref. acima)<\/span><\/td>\n<td valign=\"top\" width=\"338\">Fornece exclusivamente a localiza\u00e7\u00e3o \/ localiza\u00e7\u00e3o espacial do usu\u00e1rio (no caso que nos diz respeito) a &#8220;Mar\u00eda Jos\u00e9 P\u00e9rez S\u00edas&#8221;<\/td>\n<td valign=\"top\" width=\"119\">Entre 1 ano e 2 anos<\/td>\n<\/tr>\n<tr>\n<td valign=\"top\" width=\"131\"><span style=\"color: #303030;\">Icl_current_language<\/span><\/td>\n<td valign=\"top\" width=\"335\"><span style=\"color: #303030;\">Cookie <b>pr\u00f3prio, t\u00e9cnico, persistente<\/b>\u00a0e de <b>personaliza\u00e7\u00e3o<\/b>, estritamente necess\u00e1rio (ver conceitos ref. acima)<\/span><\/td>\n<td valign=\"top\" width=\"338\">Reconhecimento do idioma padr\u00e3o pelo website.<\/td>\n<td valign=\"top\" width=\"119\">Menos de 1 dia<\/td>\n<\/tr>\n<tr>\n<td valign=\"top\" width=\"131\"><span style=\"color: #303030;\">CONSENT<\/span><\/td>\n<td valign=\"top\" width=\"335\"><span style=\"color: #303030;\">Do Google (no dom\u00ednio \u201cYoutube\u201d) (*): De <strong>terceiros<\/strong>, <strong>publicit\u00e1rio<\/strong>\u00a0e\u00a0<strong>persistente<\/strong>.<\/span><\/td>\n<td valign=\"top\" width=\"338\">Veja conceitos acima<\/td>\n<td valign=\"top\" width=\"119\">21 anos<\/td>\n<\/tr>\n<tr>\n<td valign=\"top\" width=\"131\"><span style=\"color: #303030;\">APISID<br \/>\nHSID<br \/>\nLOGIN_INFO<br \/>\nSAPISID<br \/>\nSID<br \/>\nSSID<br \/>\nYSC<br \/>\ns_gl<br \/>\nPREF<\/span><\/td>\n<td valign=\"middle\" width=\"335\"><span style=\"color: #303030;\">Do Google (sob o dom\u00ednio \u201cYoutube\u201d) (*): De <strong>terceiros<\/strong>, <strong>publicit\u00e1rio<\/strong>\u00a0e\u00a0<strong>persistente<\/strong>.<\/span><\/td>\n<td valign=\"middle\" width=\"338\">Veja os conceitos acima<\/td>\n<td valign=\"middle\" width=\"119\">Entre 1 e 2 anos<\/td>\n<\/tr>\n<tr>\n<td valign=\"top\" width=\"131\"><span style=\"color: #303030;\">VISITOR_INFO1LIVE<\/span><\/td>\n<td valign=\"top\" width=\"335\"><span style=\"color: #303030;\">Do Google (no dom\u00ednio &#8220;Youtube&#8221;) (*): De <strong>terceiros<\/strong>, <strong>publicit\u00e1rio<\/strong>\u00a0e\u00a0<strong>persistente<\/strong>. <\/span><\/td>\n<td valign=\"top\" width=\"338\"><\/td>\n<td valign=\"top\" width=\"119\">8 meses<\/td>\n<\/tr>\n<\/tbody>\n<\/table>\n<p style=\"font-size: 10px; margin-top: 20px;\">(*) Sobre o Google Analytics e Maps: O website usa o Google Analytics e o Google Maps, servi\u00e7os de an\u00e1lise da web fornecidos pelo Google, Inc., uma empresa de Delaware com sede em 1600 Amphitheatre Parkway, Mountain View (Calif\u00f3rnia), CA 94043, United Estados Unidos (doravante denominado &#8220;Google&#8221;). O Google Analytics utiliza cookies, arquivos de texto localizados no computador do usu\u00e1rio, por meio dos quais pode realizar uma an\u00e1lise estat\u00edstica do uso que o usu\u00e1rio faz do website. As informa\u00e7\u00f5es geradas pelo cookie sobre o uso do site (incluindo o endere\u00e7o IP) ser\u00e3o transmitidas diretamente e arquivadas pelo Google em seus servidores nos Estados Unidos. O Google utilizar\u00e1 esta informa\u00e7\u00e3o por conta de Mar\u00eda Jos\u00e9 P\u00e9rez S\u00edas com o objetivo de fornecer estat\u00edsticas sobre a utiliza\u00e7\u00e3o do site, podendo transmitir essa informa\u00e7\u00e3o a terceiros quando exigido por lei, ou quando esses terceiros processem a informa\u00e7\u00e3o por conta de Google. O Google n\u00e3o associar\u00e1 o seu endere\u00e7o IP a nenhum outro dado que tenha. O usu\u00e1rio pode impedir o processamento dessas informa\u00e7\u00f5es configurando seu navegador para rejeitar o uso de cookies.<\/p>\n<p><span style=\"color: #f68b1f;\"><strong>Autoriza\u00e7\u00e3o para instala\u00e7\u00e3o de &#8220;Cookies&#8221;:<\/strong><\/span><\/p>\n<p>Se continuar a navegar no Website ap\u00f3s &#8220;aceitar&#8221; o que est\u00e1 indicado no nosso aviso principal sobre a instala\u00e7\u00e3o de &#8220;cookies&#8221; no seu dispositivo, isso implica uma clara a\u00e7\u00e3o afirmativa (continuar a navegar) que confirma que autoriza tal instala\u00e7\u00e3o.<\/p>\n<p>Em qualquer caso, pode desinstalar os referidos &#8220;cookies&#8221; em qualquer momento, para o que pode seguir as instru\u00e7\u00f5es \u00e0 sua disposi\u00e7\u00e3o nos seguintes links:<\/p>\n<p>Procedimento a seguir de acordo com o <strong>navegador<\/strong> utilizado.<\/p>\n<div align=\"center\">\n<table class=\"tablas\" border=\"1\" cellspacing=\"0\" cellpadding=\"0\">\n<tbody>\n<tr bgcolor=\"#e3e3e3\">\n<td valign=\"top\"><span style=\"color: #303030;\"><strong>Internet Explorer<\/strong><\/span><\/td>\n<td valign=\"top\"><span style=\"text-decoration: underline; color: #303030;\"><a style=\"color: #303030; text-decoration: underline;\" href=\"https:\/\/support.microsoft.com\/pt-pt\/windows\/eliminar-e-gerir-cookies-168dab11-0753-043d-7c16-ede5947fc64d\" target=\"_blank\" rel=\"noopener\">Mais informa\u00e7\u00f5es neste link<\/a><\/span><\/td>\n<\/tr>\n<tr>\n<td valign=\"top\"><span style=\"color: #303030;\"><strong>Firefox<\/strong><\/span><\/td>\n<td valign=\"top\"><span style=\"text-decoration: underline; color: #303030;\"><a style=\"color: #303030; text-decoration: underline;\" href=\"https:\/\/support.mozilla.org\/pt-PT\/kb\/limpar-cookies-e-dados-de-site-no-firefox\" target=\"_blank\" rel=\"noopener\">Mais informa\u00e7\u00f5es neste link<\/a><\/span><\/td>\n<\/tr>\n<tr bgcolor=\"#e3e3e3\">\n<td valign=\"top\"><span style=\"color: #303030;\"><strong>Chrome<\/strong><\/span><\/td>\n<td valign=\"top\"><span style=\"text-decoration: underline; color: #303030;\"><a style=\"color: #303030; text-decoration: underline;\" href=\"https:\/\/support.google.com\/accounts\/answer\/61416?hl=pt-pt\" target=\"_blank\" rel=\"noopener\">Mais informa\u00e7\u00f5es neste link<\/a><\/span><\/td>\n<\/tr>\n<tr>\n<td valign=\"top\"><span style=\"color: #303030;\"><strong>Opera<\/strong><\/span><\/td>\n<td valign=\"top\"><span style=\"text-decoration: underline; color: #303030;\"><a style=\"color: #303030; text-decoration: underline;\" href=\"https:\/\/help.opera.com\/en\/latest\/web-preferences\/#cookies\" target=\"_blank\" rel=\"noopener\">Mais informa\u00e7\u00f5es neste link<\/a><\/span><\/td>\n<\/tr>\n<tr bgcolor=\"#e3e3e3\">\n<td valign=\"top\"><span style=\"color: #303030;\"><strong>Safari<\/strong><\/span><\/td>\n<td valign=\"top\"><span style=\"text-decoration: underline; color: #303030;\"><a style=\"color: #303030; text-decoration: underline;\" href=\"https:\/\/support.apple.com\/pt-pt\/guide\/safari\/sfri11471\/mac\" target=\"_blank\" rel=\"noopener\">Mais informa\u00e7\u00f5es neste link<\/a><\/span><\/td>\n<\/tr>\n<\/tbody>\n<\/table>\n<\/div>\n<p><span style=\"color: #303030;\">Esta <strong>Pol\u00edtica de Cookies<\/strong> ser\u00e1 modificada por Mar\u00eda Jos\u00e9 P\u00e9rez S\u00edas quando os regulamentos assim o exigirem, ou em resposta \u00e0s recomenda\u00e7\u00f5es da Ag\u00eancia Espanhola de Prote\u00e7\u00e3o de Dados ou outras autoridades de privacidade. Portanto, Mar\u00eda Jos\u00e9 P\u00e9rez S\u00edas recomenda que reveja a &#8220;Pol\u00edtica de Cookies&#8221; periodicamente.<\/span><\/p>\n<\/div><div class=\"fusion-clearfix\"><\/div>\n\n\t\t\t\t\t<\/div>\n\t\t\t\t<\/div><\/div><\/div><\/p>\n","protected":false},"excerpt":{"rendered":"","protected":false},"author":1,"featured_media":0,"parent":0,"menu_order":0,"comment_status":"closed","ping_status":"closed","template":"100-width.php","meta":[],"_links":{"self":[{"href":"https:\/\/www.rutalibreautocaravanas.es\/pt-pt\/wp-json\/wp\/v2\/pages\/3608"}],"collection":[{"href":"https:\/\/www.rutalibreautocaravanas.es\/pt-pt\/wp-json\/wp\/v2\/pages"}],"about":[{"href":"https:\/\/www.rutalibreautocaravanas.es\/pt-pt\/wp-json\/wp\/v2\/types\/page"}],"author":[{"embeddable":true,"href":"https:\/\/www.rutalibreautocaravanas.es\/pt-pt\/wp-json\/wp\/v2\/users\/1"}],"replies":[{"embeddable":true,"href":"https:\/\/www.rutalibreautocaravanas.es\/pt-pt\/wp-json\/wp\/v2\/comments?post=3608"}],"version-history":[{"count":6,"href":"https:\/\/www.rutalibreautocaravanas.es\/pt-pt\/wp-json\/wp\/v2\/pages\/3608\/revisions"}],"predecessor-version":[{"id":4488,"href":"https:\/\/www.rutalibreautocaravanas.es\/pt-pt\/wp-json\/wp\/v2\/pages\/3608\/revisions\/4488"}],"wp:attachment":[{"href":"https:\/\/www.rutalibreautocaravanas.es\/pt-pt\/wp-json\/wp\/v2\/media?parent=3608"}],"curies":[{"name":"wp","href":"https:\/\/api.w.org\/{rel}","templated":true}]}}