{"id":3781,"date":"2021-05-12T09:43:29","date_gmt":"2021-05-12T07:43:29","guid":{"rendered":"https:\/\/www.rutalibreautocaravanas.es\/contacto\/"},"modified":"2021-05-25T16:26:15","modified_gmt":"2021-05-25T14:26:15","slug":"contacto","status":"publish","type":"page","link":"https:\/\/www.rutalibreautocaravanas.es\/pt-pt\/contacto\/","title":{"rendered":"Contacto"},"content":{"rendered":"<p><div class=\"fusion-fullwidth fullwidth-box hundred-percent-fullwidth non-hundred-percent-height-scrolling\"  style='background-color: rgba(255,255,255,0);background-position: left top;background-repeat: no-repeat;padding-top:0px;padding-right:0px;padding-bottom:0px;padding-left:0px;border-top-width:0px;border-bottom-width:0px;border-color:#eae9e9;border-top-style:solid;border-bottom-style:solid;'><div class=\"fusion-builder-row fusion-row \"><div  class=\"fusion-layout-column fusion_builder_column fusion_builder_column_1_1  fusion-one-full fusion-column-first fusion-column-last fusion-column-no-min-height 1_1\"  style='margin-top:0px;margin-bottom:0px;'>\n\t\t\t\t\t<div class=\"fusion-column-wrapper\" style=\"padding: 0px 0px 0px 0px;background-position:left top;background-repeat:no-repeat;-webkit-background-size:cover;-moz-background-size:cover;-o-background-size:cover;background-size:cover;\"  data-bg-url=\"\">\n\t\t\t\t\t\t\t\t\t\t\t<script type=\"text\/javascript\">\n\t\t\t\t\t\tvar map_fusion_map_69e1806190c86;\n\t\t\t\t\t\tvar markers = [];\n\t\t\t\t\t\tvar counter = 0;\n\t\t\t\t\t\t\t\t\t\t\t\t\t\t\t\t\t\t\t\tvar fusionMapNonce = 'f59bb4ce86';\n\t\t\t\t\t\t\t\t\t\t\t\tfunction fusion_run_map_fusion_map_69e1806190c86() {\n\t\t\t\t\t\t\tjQuery('#fusion_map_69e1806190c86').fusion_maps({\n\t\t\t\t\t\t\t\taddresses: [{\"address\":\"42.02511, -8.665094\",\"infobox_content\":\"RUTA LIBRE<br \\\/>Aluguer de autocaravanas\",\"marker\":\"\\\/wp-content\\\/uploads\\\/2016\\\/11\\\/Icono-Google-Maps-1.png\",\"coordinates\":false,\"cache\":true,\"latitude\":\"42.0250014\",\"longitude\":\"-8.665956800000004\"}],\n\t\t\t\t\t\t\t\tanimations: true,\n\t\t\t\t\t\t\t\tinfobox_background_color: '#f9f9f9',\n\t\t\t\t\t\t\t\tinfobox_styling: 'default',\n\t\t\t\t\t\t\t\tinfobox_text_color: '',\n\t\t\t\t\t\t\t\tmap_style: 'custom',\n\t\t\t\t\t\t\t\tmap_type: 'roadmap',\n\t\t\t\t\t\t\t\tmarker_icon: '\/wp-content\/uploads\/2016\/11\/Icono-Google-Maps-1.png',\n\t\t\t\t\t\t\t\toverlay_color: '#f68b1f',\n\t\t\t\t\t\t\t\toverlay_color_hsl: {\"hue\":30,\"sat\":92,\"lum\":54},\n\t\t\t\t\t\t\t\tpan_control: true,\n\t\t\t\t\t\t\t\tshow_address: true,\n\t\t\t\t\t\t\t\tscale_control: true,\n\t\t\t\t\t\t\t\tscrollwheel: true,\n\t\t\t\t\t\t\t\tzoom: 14,\n\t\t\t\t\t\t\t\tzoom_control: true,\n\t\t\t\t\t\t\t});\n\t\t\t\t\t\t}\n\n\t\t\t\t\t\tgoogle.maps.event.addDomListener(window, 'load', fusion_run_map_fusion_map_69e1806190c86);\n\t\t\t\t\t<\/script>\n\t\t\t\t\t<div class=\"shortcode-map fusion-google-map fusion-maps-js-type\" id=\"fusion_map_69e1806190c86\" style=\"height:400px;width:100%;\"><\/div><div class=\"fusion-clearfix\"><\/div>\n\n\t\t\t\t\t<\/div>\n\t\t\t\t<\/div><\/div><\/div><div class=\"fusion-fullwidth fullwidth-box hundred-percent-fullwidth non-hundred-percent-height-scrolling\"  style='background-color: #ececec;background-position: center center;background-repeat: no-repeat;padding-top:50px;padding-right:0px;padding-bottom:0px;padding-left:0px;margin-bottom: 75px;'><div class=\"fusion-builder-row fusion-row \"><div  class=\"fusion-layout-column fusion_builder_column fusion_builder_column_1_1  fusion-one-full fusion-column-first fusion-column-last fusion-blend-mode 1_1\"  style='margin-top:0px;margin-bottom:0px;'>\n\t\t\t\t\t<div class=\"fusion-column-wrapper\" style=\"background-color:#ececec;padding: 0px 0px 0px 0px;background-position:left top;background-repeat:no-repeat;-webkit-background-size:cover;-moz-background-size:cover;-o-background-size:cover;background-size:cover;\"  data-bg-url=\"\">\n\t\t\t\t\t\t<div class=\"fusion-title title fusion-sep-none fusion-title-center fusion-title-size-one\" style=\"margin-top:0px;margin-bottom:5px;\"><h1 class=\"title-heading-center\">Contacto<br \/>\n<span class=\"h1-subtitulo\" style=\"padding: 0 15%;\">Qualquer d\u00favida que possa surgir sobre o aluguel de uma autocaravana pode ser resolvida atrav\u00e9s dos seguintes meios que colocamos \u00e0 sua disposi\u00e7\u00e3o.<\/span><\/h1><\/div><div class=\"fusion-section-separator section-separator\" style=\"border-bottom:0px solid #f6f6f6;margin-left:-0px;margin-right:-0px;\"><div class=\"divider-candy-arrow bottom\" style=\"top:0px;border-top-color: #f68b1f;\"><\/div><div class=\"divider-candy bottom\" style=\"bottom:-20px;border-bottom:1px solid #f6f6f6;border-left:1px solid #f6f6f6;\"><\/div><\/div><div class=\"fusion-clearfix\"><\/div>\n\n\t\t\t\t\t<\/div>\n\t\t\t\t<\/div><\/div><\/div><div class=\"fusion-fullwidth fullwidth-box nonhundred-percent-fullwidth non-hundred-percent-height-scrolling\"  style='background-color: rgba(255,255,255,0);background-position: center center;background-repeat: no-repeat;padding-top:20px;padding-right:0px;padding-bottom:20px;padding-left:0px;'><div class=\"fusion-builder-row fusion-row \"><div  class=\"fusion-layout-column fusion_builder_column fusion_builder_column_2_3  fusion-two-third fusion-column-first 2_3\"  style='margin-top:0px;margin-bottom:20px;width:66.66%;width:calc(66.66% - ( ( 4% ) * 0.6666 ) );margin-right: 4%;'>\n\t\t\t\t\t<div class=\"fusion-column-wrapper\" style=\"padding: 0px 0px 0px 0px;background-position:left top;background-repeat:no-repeat;-webkit-background-size:cover;-moz-background-size:cover;-o-background-size:cover;background-size:cover;\"  data-bg-url=\"\">\n\t\t\t\t\t\t<div role=\"form\" class=\"wpcf7\" id=\"wpcf7-f3785-o1\" lang=\"es-ES\" dir=\"ltr\">\n<div class=\"screen-reader-response\"><\/div>\n<form action=\"\/pt-pt\/wp-json\/wp\/v2\/pages\/3781#wpcf7-f3785-o1\" method=\"post\" class=\"wpcf7-form\" enctype=\"multipart\/form-data\" novalidate=\"novalidate\">\n<div style=\"display: none;\">\n<input type=\"hidden\" name=\"_wpcf7\" value=\"3785\" \/>\n<input type=\"hidden\" name=\"_wpcf7_version\" value=\"5.1.6\" \/>\n<input type=\"hidden\" name=\"_wpcf7_locale\" value=\"es_ES\" \/>\n<input type=\"hidden\" name=\"_wpcf7_unit_tag\" value=\"wpcf7-f3785-o1\" \/>\n<input type=\"hidden\" name=\"_wpcf7_container_post\" value=\"0\" \/>\n<\/div>\n<p class=\"fr-flota fr-ancho-50\">Nome <sup style=\"color:red\">*<\/sup><br \/>\n     <span class=\"wpcf7-form-control-wrap your-name\"><input type=\"text\" name=\"your-name\" value=\"\" size=\"40\" maxlength=\"60\" class=\"wpcf7-form-control wpcf7-text wpcf7-validates-as-required fr-ancho-90\" aria-required=\"true\" aria-invalid=\"false\" \/><\/span><\/p>\n<p class=\"fr-flota fr-ancho-50\">Email <sup style=\"color:red\">*<\/sup><br \/>\n    <span class=\"wpcf7-form-control-wrap your-email\"><input type=\"email\" name=\"your-email\" value=\"\" size=\"40\" maxlength=\"60\" class=\"wpcf7-form-control wpcf7-text wpcf7-email wpcf7-validates-as-required wpcf7-validates-as-email fr-ancho-100\" aria-required=\"true\" aria-invalid=\"false\" \/><\/span><\/p>\n<p class=\"fr-ancho-100\">Asunto <sup style=\"color:red\">*<\/sup><br \/>\n    <span class=\"wpcf7-form-control-wrap your-subject\"><input type=\"text\" name=\"your-subject\" value=\"\" size=\"40\" maxlength=\"100\" class=\"wpcf7-form-control wpcf7-text wpcf7-validates-as-required fr-ancho-100\" aria-required=\"true\" aria-invalid=\"false\" \/><\/span> <\/p>\n<p>Mensagem <sup style=\"color:red\">*<\/sup><br \/>\n    <span class=\"wpcf7-form-control-wrap your-message\"><textarea name=\"your-message\" cols=\"110\" rows=\"10\" maxlength=\"1000\" class=\"wpcf7-form-control wpcf7-textarea wpcf7-validates-as-required\" aria-required=\"true\" aria-invalid=\"false\"><\/textarea><\/span> <\/p>\n<p class=\"fr-margen-b20\">Anexos (Max:  8MB | Formatos v\u00e1lidos: pdf, jpg)<br \/>\n<span class=\"wpcf7-form-control-wrap file-280\"><input type=\"file\" name=\"file-280\" size=\"40\" class=\"wpcf7-form-control wpcf7-file\" accept=\".pdf,.jpg\" aria-invalid=\"false\" \/><\/span>\n<\/p>\n<div id=\"lopd\" class=\"fr-ancho-100\">\n<p>Os dados pessoais que nos fornecer atrav\u00e9s deste formul\u00e1rio ser\u00e3o incorporados no arquivo sob a responsabilidade de Mar\u00eda Jos\u00e9 P\u00e9rez S\u00edas denominado \u201cClientes\u201d - que est\u00e1 devidamente inscrito no Registo Geral da Ag\u00eancia Espanhola de Prote\u00e7\u00e3o de Dados - para atender consultas que nos fa\u00e7a, para a gest\u00e3o da sua encomenda ou outras quest\u00f5es que possam surgir da eventual contrata\u00e7\u00e3o dos servi\u00e7os oferecidos no site. Esses dados n\u00e3o ser\u00e3o divulgados a terceiros.<\/p>\n<p>Lembre-se que os campos marcados com um asterisco (*) neste formul\u00e1rio devem ser preenchidos com as informa\u00e7\u00f5es solicitadas (verdadeiras e atualizadas) para que voc\u00ea possa entrar em contato com a \u201cRUTA LIBRE\u201d, pois s\u00e3o necess\u00e1rias para atender adequadamente a sua solicita\u00e7\u00e3o. Caso contr\u00e1rio, a referida omiss\u00e3o impedir\u00e1 o envio da sua consulta ao servi\u00e7o de apoio ao cliente da \u201cRUTA LIBRE\u201d.<\/p>\n<p>Al\u00e9m disso, tenha em mente que o uso deste formul\u00e1rio exigir\u00e1 que voc\u00ea marque a caixa para confirmar que <strong>leu e entendeu nossa Pol\u00edtica de Privacidade<\/strong> sobre o processamento de dados pessoais que voc\u00ea nos fornece por meio dele. Caso contr\u00e1rio, at\u00e9 que voc\u00ea leia e marque a caixa indicada acima, n\u00e3o poderemos processar sua consulta porque o sistema deste site impedir\u00e1 que ela seja enviada para proteger a privacidade dos titulares dos dados pessoais que voc\u00ea nos fornecer.<\/p>\n<p>Por fim, lembre-se que voc\u00ea pode exercer os direitos de acesso, retifica\u00e7\u00e3o, cancelamento e oposi\u00e7\u00e3o sobre seus dados pessoais, bem como solicitar a revoga\u00e7\u00e3o do consentimento dado para qualquer dos fins acima mencionados, para o qual dever\u00e1 solicit\u00e1-lo por escrito, acompanhando uma fotoc\u00f3pia do seu cart\u00e3o de cidad\u00e3o, passaporte ou outro documento v\u00e1lido que o identifique, dirigido a D\u00aa. MAR\u00cdA JOS\u00c9 P\u00c9REZ S\u00cdAS (\u201cRUTA LIBRE\u201d) - \u201cLOPD\u201d, Ctra. Km 70 Tui-A Guarda, Bouzabalada (Zonas), C.P. 36711, Tui (Pontevedra).<\/p>\n<\/div>\n<p><span class=\"wpcf7-form-control-wrap aceptacion\"><span class=\"wpcf7-form-control wpcf7-checkbox wpcf7-validates-as-required\" id=\"aceptacion-lopd\"><span class=\"wpcf7-list-item first last\"><input type=\"checkbox\" name=\"aceptacion[]\" value=\"Li e compreendi a Pol\u00edtica de Privacidade definida aqui (*)\" \/><span class=\"wpcf7-list-item-label\">Li e compreendi a Pol\u00edtica de Privacidade definida aqui (*)<\/span><\/span><\/span><\/span><\/p>\n<p><span class=\"wpcf7-form-control-wrap quiz-68\"><label><span class=\"wpcf7-quiz-label\">*prova de contacto humano &gt;&gt; sete mais dois =<\/span> <input type=\"text\" name=\"quiz-68\" size=\"40\" maxlength=\"1\" class=\"wpcf7-form-control wpcf7-quiz fr-robots\" autocomplete=\"off\" aria-required=\"true\" aria-invalid=\"false\" \/><\/label><input type=\"hidden\" name=\"_wpcf7_quiz_answer_quiz-68\" value=\"58a1d81e2e7ab1eb5523f68eb4e469f0\" \/><\/span><\/p>\n<div class=\"fusion-alert alert custom alert-custom fusion-alert-center fusion-alert-capitalize alert-dismissable wpcf7-response-output wpcf7-display-none\" style=\"background-color:;color:;border-color:;border-width:1px;\"><button style=\"color:;border-color:;\" type=\"button\" class=\"close toggle-alert\" data-dismiss=\"alert\" aria-hidden=\"true\">&times;<\/button><div class=\"fusion-alert-content-wrapper\"><span class=\"fusion-alert-content\"><\/span><\/div><\/div>\n<p><input type=\"submit\" value=\"Enviar\" class=\"wpcf7-form-control wpcf7-submit button\" \/><\/p>\n<\/form><\/div><div class=\"fusion-clearfix\"><\/div>\n\n\t\t\t\t\t<\/div>\n\t\t\t\t<\/div><div  class=\"fusion-layout-column fusion_builder_column fusion_builder_column_1_3  fusion-one-third fusion-column-last 1_3\"  style='margin-top:0px;margin-bottom:20px;width:33.33%;width:calc(33.33% - ( ( 4% ) * 0.3333 ) );'>\n\t\t\t\t\t<div class=\"fusion-column-wrapper\" style=\"padding: 0px 0px 0px 0px;background-position:left top;background-repeat:no-repeat;-webkit-background-size:cover;-moz-background-size:cover;-o-background-size:cover;background-size:cover;\"  data-bg-url=\"\">\n\t\t\t\t\t\t<div class=\"fusion-title title fusion-title-size-two\" style=\"margin-top:0px;margin-bottom:31px;\"><h2 class=\"title-heading-left\"><strong>Redes sociais<\/strong><\/h2><div class=\"title-sep-container\"><div class=\"title-sep sep-single sep-solid\" style=\"border-color:#e0dede;\"><\/div><\/div><\/div><div class=\"fusion-social-links contacto-redes-sociales\"><div class=\"fusion-social-networks boxed-icons\"><div class=\"fusion-social-networks-wrapper\"><a class=\"fusion-social-network-icon fusion-tooltip fusion-facebook fusion-icon-facebook\" style=\"color:#bebdbd;background-color:#e8e8e8;border-color:#e8e8e8;border-radius:4px;\" aria-label=\"fusion-facebook\" target=\"_blank\" rel=\"noopener noreferrer\" href=\"https:\/\/www.facebook.com\/rutalibrealquilerautocaravanas\" data-placement=\"top\" data-title=\"Facebook\" data-toggle=\"tooltip\" title=\"Facebook\"><\/a><a class=\"fusion-social-network-icon fusion-tooltip fusion-instagram fusion-icon-instagram\" style=\"color:#bebdbd;background-color:#e8e8e8;border-color:#e8e8e8;border-radius:4px;\" aria-label=\"fusion-instagram\" target=\"_blank\" rel=\"noopener noreferrer\" href=\"https:\/\/www.instagram.com\/rutalibre_autocaravanas\/\" data-placement=\"top\" data-title=\"Instagram\" data-toggle=\"tooltip\" title=\"Instagram\"><\/a><\/div><\/div><\/div><div class=\"fusion-title title fusion-title-size-two\" style=\"margin-top:50px;margin-bottom:31px;\"><h2 class=\"title-heading-left\"><strong>Dados de contacto<\/strong><\/h2><div class=\"title-sep-container\"><div class=\"title-sep sep-single sep-solid\" style=\"border-color:#e0dede;\"><\/div><\/div><\/div><div class=\"fusion-text\"><div class=\"direccion\">RUTA LIBRE <em style=\"font-size: 0.8em;\">Alquiler Autocaravanas<\/em><br \/>\nBouzabalada &#8211; Areas<\/div>\n<div class=\"direccion\">Ctra. Km 70 Tui\u00a0 &#8211; A Guarda<br \/>\n36711\u00a0Areas (Pontevedra)<br \/>\nEspanha<\/div>\n<div class=\"direccion\"><\/div>\n<div class=\"direccion\"><\/div>\n<p><div class=\"fusion-sep-clear\"><\/div><div class=\"fusion-separator fusion-full-width-sep sep-none\" style=\"margin-left: auto;margin-right: auto;margin-top:20px;\"><\/div><i class=\"fontawesome-icon  fa fa-phone circle-no\" style=\"font-size:18px;margin-right:9px;color:#f68b1f;\"><\/i>(+34) 986\u00a060 52 57<\/p>\n<p><i class=\"fontawesome-icon  fa fa-mobile circle-no\" style=\"font-size:23px;margin-right:11.5px;color:#f68b1f;\"><\/i>(+34) 637 93 96 01<\/p>\n<\/div><div class=\"fusion-title title fusion-title-size-two\" style=\"margin-top:50px;margin-bottom:31px;\"><h2 class=\"title-heading-left\"><strong>Coordenadas GPS<\/strong><\/h2><div class=\"title-sep-container\"><div class=\"title-sep sep-single sep-solid\" style=\"border-color:#e0dede;\"><\/div><\/div><\/div><div class=\"fusion-text\"><div class=\"direccion\">Latitud (DDD) &gt; 42.024121<br \/>\nLongitud (DDD) &gt; -8.666333<br \/>\n\u00f3<br \/>\nLatitud (DMS) &gt; 42\u00b001&#8217;26.8&#8243;N<br \/>\nLongitud (DMS) &gt; 8\u00b039&#8217;58.8&#8243;O<\/div>\n<\/div><div class=\"fusion-title title fusion-title-size-two\" style=\"margin-top:50px;margin-bottom:31px;\"><h2 class=\"title-heading-left\"><strong>Como chegar?<\/strong><\/h2><div class=\"title-sep-container\"><div class=\"title-sep sep-single sep-solid\" style=\"border-color:#e0dede;\"><\/div><\/div><\/div><div class=\"fusion-button-wrapper fusion-alignleft\"><style type=\"text\/css\" scoped=\"scoped\">.fusion-button.button-1{width:auto;}<\/style><a class=\"fusion-button button-flat fusion-button-round button-small button-green button-1\" target=\"_blank\" rel=\"noopener noreferrer\" href=\"https:\/\/goo.gl\/maps\/JZA5doRY6dB2\"><i class=\" fa fa-map-marker button-icon-left\"><\/i><span class=\"fusion-button-text\">Google Maps<\/span><\/a><\/div><div class=\"fusion-clearfix\"><\/div>\n\n\t\t\t\t\t<\/div>\n\t\t\t\t<\/div><\/div><\/div><\/p>\n","protected":false},"excerpt":{"rendered":"","protected":false},"author":1,"featured_media":0,"parent":0,"menu_order":0,"comment_status":"closed","ping_status":"closed","template":"100-width.php","meta":[],"_links":{"self":[{"href":"https:\/\/www.rutalibreautocaravanas.es\/pt-pt\/wp-json\/wp\/v2\/pages\/3781"}],"collection":[{"href":"https:\/\/www.rutalibreautocaravanas.es\/pt-pt\/wp-json\/wp\/v2\/pages"}],"about":[{"href":"https:\/\/www.rutalibreautocaravanas.es\/pt-pt\/wp-json\/wp\/v2\/types\/page"}],"author":[{"embeddable":true,"href":"https:\/\/www.rutalibreautocaravanas.es\/pt-pt\/wp-json\/wp\/v2\/users\/1"}],"replies":[{"embeddable":true,"href":"https:\/\/www.rutalibreautocaravanas.es\/pt-pt\/wp-json\/wp\/v2\/comments?post=3781"}],"version-history":[{"count":4,"href":"https:\/\/www.rutalibreautocaravanas.es\/pt-pt\/wp-json\/wp\/v2\/pages\/3781\/revisions"}],"predecessor-version":[{"id":4973,"href":"https:\/\/www.rutalibreautocaravanas.es\/pt-pt\/wp-json\/wp\/v2\/pages\/3781\/revisions\/4973"}],"wp:attachment":[{"href":"https:\/\/www.rutalibreautocaravanas.es\/pt-pt\/wp-json\/wp\/v2\/media?parent=3781"}],"curies":[{"name":"wp","href":"https:\/\/api.w.org\/{rel}","templated":true}]}}