{"id":3836,"date":"2021-05-12T14:21:47","date_gmt":"2021-05-12T12:21:47","guid":{"rendered":"https:\/\/www.rutalibreautocaravanas.es\/conselhos\/"},"modified":"2021-05-20T10:52:34","modified_gmt":"2021-05-20T08:52:34","slug":"conselhos","status":"publish","type":"page","link":"https:\/\/www.rutalibreautocaravanas.es\/pt-pt\/conselhos\/","title":{"rendered":"Conselhos"},"content":{"rendered":"<p><div class=\"fusion-fullwidth fullwidth-box fusion-parallax-none hundred-percent-fullwidth non-hundred-percent-height-scrolling\"  style='background-color: #ececec;background-image: url(\"http:\/\/www.rutalibreautocaravanas.es\/wp-content\/uploads\/2016\/10\/liustracion-arboles-1.jpg\");background-position: center center;background-repeat: repeat-x;padding-top:50px;padding-right:0px;padding-bottom:0px;padding-left:0px;margin-bottom: 75px;'><div class=\"fusion-builder-row fusion-row \"><div  class=\"fusion-layout-column fusion_builder_column fusion_builder_column_1_1  fusion-one-full fusion-column-first fusion-column-last 1_1\"  style='margin-top:0px;margin-bottom:0px;'>\n\t\t\t\t\t<div class=\"fusion-column-wrapper\" style=\"padding: 0px 0px 0px 0px;background-position:center bottom;background-repeat:repeat-x;\"  data-bg-url=\"\">\n\t\t\t\t\t\t<div class=\"fusion-title title fusion-sep-none fusion-title-center fusion-title-size-one\" style=\"margin-top:0px;margin-bottom:5px;\"><h1 class=\"title-heading-center\"><p>Conselhos<br \/>\n<span class=\"h1-subtitulo\">Alguns conselhos \u00fateis para viajar de autocaravana<\/span><\/p><\/h1><\/div><div class=\"fusion-section-separator section-separator\" style=\"border-bottom:0px solid #f6f6f6;margin-left:-0px;margin-right:-0px;\"><div class=\"divider-candy-arrow bottom\" style=\"top:0px;border-top-color: #3da9c6;\"><\/div><div class=\"divider-candy bottom\" style=\"bottom:-20px;border-bottom:1px solid #f6f6f6;border-left:1px solid #f6f6f6;\"><\/div><\/div><div class=\"fusion-clearfix\"><\/div>\n\n\t\t\t\t\t<\/div>\n\t\t\t\t<\/div><\/div><\/div><div class=\"fusion-fullwidth fullwidth-box fusion-parallax-none consejos nonhundred-percent-fullwidth non-hundred-percent-height-scrolling\"  style='background-color: rgba(255,255,255,0);background-image: url(\"http:\/\/www.rutalibreautocaravanas.es\/wp-content\/uploads\/2016\/10\/liustracion-montanas.jpg\");background-position: center bottom;background-repeat: repeat-x;padding-top:20px;padding-right:0px;padding-bottom:0px;padding-left:0px;'><div class=\"fusion-builder-row fusion-row \"><div  class=\"fusion-layout-column fusion_builder_column fusion_builder_column_1_1  fusion-one-full fusion-column-first fusion-column-last columna-consejos 1_1\"  style='margin-top:0px;margin-bottom:50px;'>\n\t\t\t\t\t<div class=\"fusion-column-wrapper\" style=\"padding: 0px 0px 0px 0px;background-position:left top;background-repeat:no-repeat;-webkit-background-size:cover;-moz-background-size:cover;-o-background-size:cover;background-size:cover;\"  data-bg-url=\"\">\n\t\t\t\t\t\t<div class=\"fusion-sep-clear\"><\/div><div class=\"fusion-separator fusion-full-width-sep sep-none\" style=\"margin-left: auto;margin-right: auto;margin-top:;margin-bottom:30px;\"><\/div><div class=\"fusion-content-boxes content-boxes columns row fusion-columns-2 fusion-columns-total-6 fusion-content-boxes-1 content-boxes-icon-with-title content-left contenedor-consejos\" data-animationOffset=\"100%\" style=\"margin-top:0px;margin-bottom:60px;\"><style type=\"text\/css\" scoped=\"scoped\">.fusion-content-boxes-1 .heading .content-box-heading {color:#3da9c6;}\n\t\t\t\t\t.fusion-content-boxes-1 .fusion-content-box-hover .link-area-link-icon-hover .heading .content-box-heading,\n\t\t\t\t\t.fusion-content-boxes-1 .fusion-content-box-hover .link-area-link-icon-hover .heading .heading-link .content-box-heading,\n\t\t\t\t\t.fusion-content-boxes-1 .fusion-content-box-hover .link-area-box-hover .heading .content-box-heading,\n\t\t\t\t\t.fusion-content-boxes-1 .fusion-content-box-hover .link-area-box-hover .heading .heading-link .content-box-heading,\n\t\t\t\t\t.fusion-content-boxes-1 .fusion-content-box-hover .link-area-link-icon-hover.link-area-box .fusion-read-more,\n\t\t\t\t\t.fusion-content-boxes-1 .fusion-content-box-hover .link-area-link-icon-hover.link-area-box .fusion-read-more::after,\n\t\t\t\t\t.fusion-content-boxes-1 .fusion-content-box-hover .link-area-link-icon-hover.link-area-box .fusion-read-more::before,\n\t\t\t\t\t.fusion-content-boxes-1 .fusion-content-box-hover .fusion-read-more:hover:after,\n\t\t\t\t\t.fusion-content-boxes-1 .fusion-content-box-hover .fusion-read-more:hover:before,\n\t\t\t\t\t.fusion-content-boxes-1 .fusion-content-box-hover .fusion-read-more:hover,\n\t\t\t\t\t.fusion-content-boxes-1 .fusion-content-box-hover .link-area-box-hover.link-area-box .fusion-read-more,\n\t\t\t\t\t.fusion-content-boxes-1 .fusion-content-box-hover .link-area-box-hover.link-area-box .fusion-read-more::after,\n\t\t\t\t\t.fusion-content-boxes-1 .fusion-content-box-hover .link-area-box-hover.link-area-box .fusion-read-more::before,\n\t\t\t\t\t.fusion-content-boxes-1 .fusion-content-box-hover .link-area-link-icon-hover .icon .circle-no,\n\t\t\t\t\t.fusion-content-boxes-1 .heading .heading-link:hover .content-box-heading {\n\t\t\t\t\t\tcolor: #3da9c6;\n\t\t\t\t\t}\n\t\t\t\t\t.fusion-content-boxes-1 .fusion-content-box-hover .link-area-box-hover .icon .circle-no {\n\t\t\t\t\t\tcolor: #3da9c6 !important;\n\t\t\t\t\t}.fusion-content-boxes-1 .fusion-content-box-hover .link-area-box.link-area-box-hover .fusion-content-box-button {background: #96c346;color: #ffffff;}.fusion-content-boxes-1 .fusion-content-box-hover .link-area-box.link-area-box-hover .fusion-content-box-button .fusion-button-text {color: #ffffff;}\n\t\t\t\t\t.fusion-content-boxes-1 .fusion-content-box-hover .link-area-link-icon-hover .heading .icon > span {\n\t\t\t\t\t\tbackground-color: #3da9c6 !important;\n\t\t\t\t\t}\n\t\t\t\t\t.fusion-content-boxes-1 .fusion-content-box-hover .link-area-box-hover .heading .icon > span {\n\t\t\t\t\t\tborder-color: #3da9c6 !important;\n\t\t\t\t\t}<\/style><div class=\"fusion-column content-box-column content-box-column content-box-column-1 col-lg-6 col-md-6 col-sm-6 fusion-content-box-hover  content-box-column-first-in-row\"><div class=\"col content-wrapper-background link-area-link-icon icon-hover-animation-fade\" style=\"background-color:#efefef;\" data-animationOffset=\"100%\"><div class=\"heading heading-with-icon icon-left\"><div class=\"icon\"><i style=\"border-color:#333333;border-width:0px;background-color:#3da9c6;box-sizing:content-box;height:42px;width:42px;line-height:42px;border-radius:50%;color:#ffffff;font-size:21px;\" class=\"fontawesome-icon  fa fa-map-marker circle-yes\"><\/i><\/div><h2 class=\"content-box-heading\" style=\"font-size:18px;line-height:23px;\">ORGANIZAR A ROTA<\/h2><\/div><div class=\"fusion-clearfix\"><\/div><div class=\"content-container\" style=\"color:#747474;\">\n<p>Se vai viajar de autocaravana, a primeira coisa que aconselhamos \u00e9 que <strong>planeie um percurso<\/strong>, tendo sempre em conta o tipo de ve\u00edculo que vai conduzir. Por outro lado, dar uma olhada na <strong>previs\u00e3o meteorol\u00f3gica<\/strong>, pois poupar\u00e1 algumas surpresas dependendo do tipo de viagem planeada.<\/p>\n<p>Mesmo com tudo isso, dependendo das prefer\u00eancias que tiver no momento, pode sempre mudar o destino no \u00faltimo minuto. Esta \u00e9 outra das muitas vantagens que encontrar\u00e1 ao viajar numa autocaravana.<\/p>\n<\/div><\/div><\/div><div class=\"fusion-column content-box-column content-box-column content-box-column-2 col-lg-6 col-md-6 col-sm-6 fusion-content-box-hover \"><div class=\"col content-wrapper-background link-area-link-icon icon-hover-animation-fade\" style=\"background-color:#efefef;\" data-animationOffset=\"100%\"><div class=\"heading heading-with-icon icon-left\"><div class=\"icon\"><i style=\"border-color:#333333;border-width:0px;background-color:#3da9c6;box-sizing:content-box;height:42px;width:42px;line-height:42px;border-radius:50%;color:#ffffff;font-size:21px;\" class=\"fontawesome-icon  fa fa-sign-in circle-yes\"><\/i><\/div><h2 class=\"content-box-heading\" style=\"font-size:18px;line-height:23px;\">EQUIPAR A AUTOCARAVANA<\/h2><\/div><div class=\"fusion-clearfix\"><\/div><div class=\"content-container\" style=\"color:#747474;\">\n<p>Para al\u00e9m do equipamento que acompanha o aluguer da autocaravana, h\u00e1 que ter em considera\u00e7\u00e3o de que se trata de um espa\u00e7o muito pequeno e dependendo do n\u00famero de acompanhantes pode-se transportar mais ou menos coisas. Tente trazer <strong>apenas as coisas mais necess\u00e1rias<\/strong>, apenas o suficiente.<\/p>\n<p>Voc\u00ea tamb\u00e9m pode optar por <strong>levar bicicletas<\/strong>, \u00e9 altamente recomend\u00e1vel poder mover-se em locais pr\u00f3ximos ao do estacionamento.<\/p>\n<p>Distribua sempre a carga de forma equilibrada e prenda corretamente os objetos que transportar no interior do ve\u00edculo. Assim poder\u00e1 viajar de uma forma muito mais segura e agrad\u00e1vel.<\/p>\n<\/div><\/div><\/div><div class=\"fusion-column content-box-column content-box-column content-box-column-3 col-lg-6 col-md-6 col-sm-6 fusion-content-box-hover  content-box-column-first-in-row\"><div class=\"col content-wrapper-background link-area-link-icon icon-hover-animation-fade\" style=\"background-color:#efefef;\" data-animationOffset=\"100%\"><div class=\"heading heading-with-icon icon-left\"><div class=\"icon\"><i style=\"border-color:#333333;border-width:0px;background-color:#3da9c6;box-sizing:content-box;height:42px;width:42px;line-height:42px;border-radius:50%;color:#ffffff;font-size:21px;\" class=\"fontawesome-icon  fa fa-bus circle-yes fa-flip-horizontal\"><\/i><\/div><h2 class=\"content-box-heading\" style=\"font-size:18px;line-height:23px;\">CONDUZIR UMA AUTOCARAVANA<\/h2><\/div><div class=\"fusion-clearfix\"><\/div><div class=\"content-container\" style=\"color:#747474;\">\n<p>Ao conduzir um autocaravana, deve ter em aten\u00e7\u00e3o as dimens\u00f5es do ve\u00edculo, a altura e o comprimento. Em rela\u00e7\u00e3o \u00e0 <strong>altura<\/strong> temos que ver as pontes, tectos, varandas e placas de altura; em termos de <strong>comprimento<\/strong>, o que devemos ter em mente s\u00e3o as curvas, sejam normais ou muito acentuadas pois ao mesmo tempo devemos controlar a parte traseira da autocaravana atrav\u00e9s dos espelhos retrovisores.<\/p>\n<p>Ao <strong>ultrapssar<\/strong> outro ve\u00edculo pesado, tenha cuidado, pois voc\u00ea notar\u00e1 um pequeno movimento.<\/p>\n<p>Se nos depararmos com rajadas de vento temos que ir a uma velocidade mais lenta e ao <strong>estacionar<\/strong> contamos com o aux\u00edlio da c\u00e2mera traseira, embora recomendamos, sempre que poss\u00edvel, que um acompanhante o ajude a estacionar, pois existem pontos mortos n\u00e3o vis\u00edveis com a c\u00e2mera traseira.<\/p>\n<\/div><\/div><\/div><div class=\"fusion-column content-box-column content-box-column content-box-column-4 col-lg-6 col-md-6 col-sm-6 fusion-content-box-hover \"><div class=\"col content-wrapper-background link-area-link-icon icon-hover-animation-fade\" style=\"background-color:#efefef;\" data-animationOffset=\"100%\"><div class=\"heading heading-with-icon icon-left\"><div class=\"icon\"><i style=\"border-color:#333333;border-width:0px;background-color:#3da9c6;box-sizing:content-box;height:42px;width:42px;line-height:42px;border-radius:50%;color:#ffffff;font-size:21px;\" class=\"fontawesome-icon  fa fa-moon-o circle-yes fa-flip-horizontal\"><\/i><\/div><h2 class=\"content-box-heading\" style=\"font-size:18px;line-height:23px;\">ESTACIONAR E PERNOITAR<\/h2><\/div><div class=\"fusion-clearfix\"><\/div><div class=\"content-container\" style=\"color:#747474;\">\n<p>Em Espanha, cada vez mais os munic\u00edpios est\u00e3o a criar zonas de servi\u00e7o para autocaravanas, onde pode estacionar e dormir, algumas delas pagas (cobram um m\u00ednimo).<\/p>\n<p>Outra op\u00e7\u00e3o para poder dormir, caso n\u00e3o encontre zonas, \u00e9 uma zona urbaniz\u00e1vel e iluminada de uma pequena cidade ou parque de campismo.<\/p>\n<p>Uma dica muito importante \u00e9 que voc\u00ea pode estacionar em qualquer lugar, desde que esteja bem estacionado, mas <strong>N\u00c3O ACAMPAR<\/strong>, isso significa que voc\u00ea n\u00e3o pode colocar toldos, mesas, cadeiras ou janelas laterais abertas, n\u00e3o pode ultrapassar as dimens\u00f5es do ve\u00edculo.<\/p>\n<p>Procure sempre deixar a autocaravana sobre uma superf\u00edcie plana para que o descanso seja o mais agrad\u00e1vel poss\u00edvel.<\/p>\n<\/div><\/div><\/div><div class=\"fusion-column content-box-column content-box-column content-box-column-5 col-lg-6 col-md-6 col-sm-6 fusion-content-box-hover  content-box-column-first-in-row\"><div class=\"col content-wrapper-background link-area-link-icon icon-hover-animation-fade\" style=\"background-color:#efefef;\" data-animationOffset=\"100%\"><div class=\"heading heading-with-icon icon-left\"><div class=\"icon\"><i style=\"border-color:#333333;border-width:0px;background-color:#3da9c6;box-sizing:content-box;height:42px;width:42px;line-height:42px;border-radius:50%;color:#ffffff;font-size:21px;\" class=\"fontawesome-icon  fa fa-retweet circle-yes fa-flip-horizontal\"><\/i><\/div><h2 class=\"content-box-heading\" style=\"font-size:18px;line-height:23px;\">MANUTEN\u00c7\u00c3O DA AUTOCARAVANA<\/h2><\/div><div class=\"fusion-clearfix\"><\/div><div class=\"content-container\" style=\"color:#747474;\">\n<p>A manuten\u00e7\u00e3o que voc\u00ea tem que fazer em uma autocaravana \u00e9 o esvaziamento do dep\u00f3sito de \u00e1guas cinzas, o dep\u00f3sito de \u00e1guas sujas e a recarga de \u00e1gua limpa. Tudo isso \u00e9 feito nas \u00e1reas de servi\u00e7o para autocaravanas ou parques de campismo.<\/p>\n<p>No que diz respeito \u00e0 eletricidade, cada autocaravana tem uma <strong>bateria<\/strong> recarreg\u00e1vel atrav\u00e9s do motor do ve\u00edculo ou painel solar, controlando o consumo de corrente evitamos problemas, como \u00faltimo recurso, pode sempre ser recarregada nas \u00e1reas das autocaravanas ou num parque de campismo atrav\u00e9s de uma tomada.<\/p>\n<\/div><\/div><\/div><div class=\"fusion-column content-box-column content-box-column content-box-column-6 col-lg-6 col-md-6 col-sm-6 fusion-content-box-hover  content-box-column-last\"><div class=\"col content-wrapper-background link-area-link-icon icon-hover-animation-fade\" style=\"background-color:#e5efda;\" data-animationOffset=\"100%\"><div class=\"heading heading-with-icon icon-left\"><div class=\"icon\"><i style=\"border-color:#333333;border-width:0px;background-color:#3da9c6;box-sizing:content-box;height:42px;width:42px;line-height:42px;border-radius:50%;color:#ffffff;font-size:21px;\" class=\"fontawesome-icon  fa fa-smile-o circle-yes fa-flip-horizontal\"><\/i><\/div><h2 class=\"content-box-heading\" style=\"font-size:18px;line-height:23px;\">DESFRUTAR<\/h2><\/div><div class=\"fusion-clearfix\"><\/div><div class=\"content-container\" style=\"color:#747474;\">\n<p>O \u00faltimo conselho que lhe queremos dar, e n\u00e3o menos importante, \u00e9 para <strong><span style=\"color: #3da9c6;\">DESFRUTAR<\/span><\/strong>\u00a0da viagem ao m\u00e1ximo.<\/p>\n<p>Para grande parte de quem j\u00e1 viveu esta experi\u00eancia, \u00e9 algo verdadeiramente <strong><span style=\"color: #3da9c6;\">INESQUEC\u00cdVEL<\/span><\/strong>\u00a0e tamb\u00e9m, se seguiu as dicas mais importantes que lhe deixamos nesta p\u00e1gina, acompanhadas claro de uma pequena dose de bom senso, estamos totalmente convencido, que voc\u00ea vai querer repetir !!!<\/p>\n<\/div><\/div><\/div><style type=\"text\/css\" scoped=\"scoped\">\n\t\t\t\t\t\t.fusion-content-boxes-1 .fusion-content-box-hover .heading-link:hover .icon i.circle-yes,\n\t\t\t\t\t\t.fusion-content-boxes-1 .fusion-content-box-hover .link-area-box:hover .heading-link .icon i.circle-yes,\n\t\t\t\t\t\t.fusion-content-boxes-1 .fusion-content-box-hover .link-area-link-icon-hover .heading .icon i.circle-yes,\n\t\t\t\t\t\t.fusion-content-boxes-1 .fusion-content-box-hover .link-area-box-hover .heading .icon i.circle-yes {\n\t\t\t\t\t\t\tbackground-color: #3da9c6 !important;\n\t\t\t\t\t\t\tborder-color: #3da9c6 !important;\n\t\t\t\t\t\t}<\/style><div class=\"fusion-clearfix\"><\/div><\/div><div class=\"fusion-clearfix\"><\/div>\n\n\t\t\t\t\t<\/div>\n\t\t\t\t<\/div><\/div><\/div><\/p>\n","protected":false},"excerpt":{"rendered":"","protected":false},"author":1,"featured_media":0,"parent":0,"menu_order":0,"comment_status":"closed","ping_status":"closed","template":"100-width.php","meta":[],"_links":{"self":[{"href":"https:\/\/www.rutalibreautocaravanas.es\/pt-pt\/wp-json\/wp\/v2\/pages\/3836"}],"collection":[{"href":"https:\/\/www.rutalibreautocaravanas.es\/pt-pt\/wp-json\/wp\/v2\/pages"}],"about":[{"href":"https:\/\/www.rutalibreautocaravanas.es\/pt-pt\/wp-json\/wp\/v2\/types\/page"}],"author":[{"embeddable":true,"href":"https:\/\/www.rutalibreautocaravanas.es\/pt-pt\/wp-json\/wp\/v2\/users\/1"}],"replies":[{"embeddable":true,"href":"https:\/\/www.rutalibreautocaravanas.es\/pt-pt\/wp-json\/wp\/v2\/comments?post=3836"}],"version-history":[{"count":4,"href":"https:\/\/www.rutalibreautocaravanas.es\/pt-pt\/wp-json\/wp\/v2\/pages\/3836\/revisions"}],"predecessor-version":[{"id":4719,"href":"https:\/\/www.rutalibreautocaravanas.es\/pt-pt\/wp-json\/wp\/v2\/pages\/3836\/revisions\/4719"}],"wp:attachment":[{"href":"https:\/\/www.rutalibreautocaravanas.es\/pt-pt\/wp-json\/wp\/v2\/media?parent=3836"}],"curies":[{"name":"wp","href":"https:\/\/api.w.org\/{rel}","templated":true}]}}